{"id":2,"date":"2010-03-01T22:10:06","date_gmt":"2010-03-01T21:10:06","guid":{"rendered":"http:\/\/www.hirostavbet.sk\/foto\/?page_id=2"},"modified":"2019-02-10T21:13:15","modified_gmt":"2019-02-10T20:13:15","slug":"o-nas","status":"publish","type":"page","link":"https:\/\/www.sloboda-tono.sk\/?page_id=2","title":{"rendered":"Info o &#8230;"},"content":{"rendered":"<p>Tu budem publikova\u0165 fotografie zo spolo\u010dn\u00fdch akci\u00e1ch. Tento web je neverejn\u00fd ,&nbsp; pr\u00edstup m\u00e1 iba kto pozn\u00e1 adresu webu . Ned\u00e1 sa sem dosta\u0165 prostredn\u00edctvom vyh\u013ead\u00e1va\u010dov ako napr Google .<\/p>\n<p>Ke\u010f chcete prid\u00e1va\u0165 &nbsp;koment\u00e1re mus\u00edte by\u0165 zaregistrovan\u00fd na tejto str\u00e1nke.<\/p>\n<p>Ke\u010f budete zaregistrovan\u00fd po pridan\u00ed fotografii budete ihne\u010f informovan\u00ed prostredn\u00edctvom mail-u<\/p>\n<p>Ako si prida\u0165 fotografiu ku koment\u00e1ru- tu sa&nbsp;<a href=\"http:\/\/en.gravatar.com\/\" target=\"_blank\" rel=\"noopener\"><span style=\"color: #ff0000;\">zaregistrujte<\/span><\/a> treba si&nbsp;da\u0165 mail taky ist\u00fd ako ste si dali na t\u00fato str\u00e1nku.<\/p>\n","protected":false},"excerpt":{"rendered":"<p>Tu budem publikova\u0165 fotografie zo spolo\u010dn\u00fdch akci\u00e1ch. Tento web je neverejn\u00fd ,&nbsp; pr\u00edstup m\u00e1 iba kto pozn\u00e1 adresu webu . Ned\u00e1 sa sem dosta\u0165 prostredn\u00edctvom vyh\u013ead\u00e1va\u010dov ako napr Google . Ke\u010f chcete prid\u00e1va\u0165 &nbsp;koment\u00e1re mus\u00edte by\u0165 zaregistrovan\u00fd na tejto str\u00e1nke. &hellip; <a href=\"https:\/\/www.sloboda-tono.sk\/?page_id=2\">Pokra\u010dova\u0165 v \u010d\u00edtan\u00ed <span class=\"meta-nav\">&rarr;<\/span><\/a><\/p>\n","protected":false},"author":1,"featured_media":0,"parent":0,"menu_order":0,"comment_status":"open","ping_status":"open","template":"","meta":{"ngg_post_thumbnail":0,"jetpack_post_was_ever_published":false,"footnotes":""},"class_list":["post-2","page","type-page","status-publish","hentry"],"jetpack_shortlink":"https:\/\/wp.me\/PRkVM-2","jetpack_sharing_enabled":true,"jetpack-related-posts":[],"_links":{"self":[{"href":"https:\/\/www.sloboda-tono.sk\/index.php?rest_route=\/wp\/v2\/pages\/2","targetHints":{"allow":["GET"]}}],"collection":[{"href":"https:\/\/www.sloboda-tono.sk\/index.php?rest_route=\/wp\/v2\/pages"}],"about":[{"href":"https:\/\/www.sloboda-tono.sk\/index.php?rest_route=\/wp\/v2\/types\/page"}],"author":[{"embeddable":true,"href":"https:\/\/www.sloboda-tono.sk\/index.php?rest_route=\/wp\/v2\/users\/1"}],"replies":[{"embeddable":true,"href":"https:\/\/www.sloboda-tono.sk\/index.php?rest_route=%2Fwp%2Fv2%2Fcomments&post=2"}],"version-history":[{"count":4,"href":"https:\/\/www.sloboda-tono.sk\/index.php?rest_route=\/wp\/v2\/pages\/2\/revisions"}],"predecessor-version":[{"id":4738,"href":"https:\/\/www.sloboda-tono.sk\/index.php?rest_route=\/wp\/v2\/pages\/2\/revisions\/4738"}],"wp:attachment":[{"href":"https:\/\/www.sloboda-tono.sk\/index.php?rest_route=%2Fwp%2Fv2%2Fmedia&parent=2"}],"curies":[{"name":"wp","href":"https:\/\/api.w.org\/{rel}","templated":true}]}}